{"id":1917,"date":"2015-05-21T16:07:41","date_gmt":"2015-05-21T14:07:41","guid":{"rendered":""},"modified":"2019-12-26T16:39:39","modified_gmt":"2019-12-26T15:39:39","slug":"7","status":"publish","type":"product","link":"https:\/\/www.hard-rokka.com\/en\/shop\/7\/","title":{"rendered":"7"},"content":{"rendered":"<ul>\n<li>Neue Hard Rokka Kollektion.<\/li>\n<li>T-Shirt mit 100% Baumwolle, gek\u00e4mmt und in 180 gramm Qualit\u00e4t.<\/li>\n<li>Hochwertiger Siebdruck<\/li>\n<li>Hard Rokka Etikett eingen\u00e4ht.<\/li>\n<li>Vorderseite ganz bedruckt und auf der R\u00fcckseite unser Logo in klein.<\/li>\n<\/ul>\n","protected":false},"excerpt":{"rendered":"<p>Neue Hard Rokka Kollektion. T-Shirt mit 100% Baumwolle, gek\u00e4mmt und in 180 gramm Qualit\u00e4t. Hochwertiger Siebdruck Hard Rokka Etikett eingen\u00e4ht. Vorderseite ganz bedruckt und auf der R\u00fcckseite unser Logo in klein.<\/p>\n","protected":false},"featured_media":1910,"template":"","meta":[],"product_brand":[],"product_cat":[108],"product_tag":[],"class_list":{"0":"post-1917","1":"product","2":"type-product","3":"status-publish","4":"has-post-thumbnail","6":"product_cat-shirts-en","7":"pa_size-medium-en","8":"pa_size-large-en","9":"pa_size-x-large-en","10":"pa_size-xx-large-en","11":"pa_size-xxx-large-en","12":"pa_size-x-small-en","13":"pa_size-small-en","15":"first","16":"outofstock","17":"featured","18":"taxable","19":"shipping-taxable","20":"purchasable","21":"product-type-variable","22":"has-default-attributes"},"_links":{"self":[{"href":"https:\/\/www.hard-rokka.com\/en\/wp-json\/wp\/v2\/product\/1917","targetHints":{"allow":["GET"]}}],"collection":[{"href":"https:\/\/www.hard-rokka.com\/en\/wp-json\/wp\/v2\/product"}],"about":[{"href":"https:\/\/www.hard-rokka.com\/en\/wp-json\/wp\/v2\/types\/product"}],"wp:featuredmedia":[{"embeddable":true,"href":"https:\/\/www.hard-rokka.com\/en\/wp-json\/wp\/v2\/media\/1910"}],"wp:attachment":[{"href":"https:\/\/www.hard-rokka.com\/en\/wp-json\/wp\/v2\/media?parent=1917"}],"wp:term":[{"taxonomy":"product_brand","embeddable":true,"href":"https:\/\/www.hard-rokka.com\/en\/wp-json\/wp\/v2\/product_brand?post=1917"},{"taxonomy":"product_cat","embeddable":true,"href":"https:\/\/www.hard-rokka.com\/en\/wp-json\/wp\/v2\/product_cat?post=1917"},{"taxonomy":"product_tag","embeddable":true,"href":"https:\/\/www.hard-rokka.com\/en\/wp-json\/wp\/v2\/product_tag?post=1917"}],"curies":[{"name":"wp","href":"https:\/\/api.w.org\/{rel}","templated":true}]}}